{"id":2953,"date":"2025-12-07T16:05:38","date_gmt":"2025-12-07T15:05:38","guid":{"rendered":"https:\/\/floraholic.nl\/?post_type=product&#038;p=2953"},"modified":"2026-04-11T14:19:52","modified_gmt":"2026-04-11T12:19:52","slug":"capi-pot-nature-groove-warm-taupe-d22cm","status":"publish","type":"product","link":"https:\/\/floraholic.nl\/en\/product\/capi-pot-nature-groove-warm-taupe-d22cm\/","title":{"rendered":"Capi Pot Nature Groove Warm Taupe"},"content":{"rendered":"<p>Natuurlijk, stijlvol en duurzaam. De Capi Nature Groove in de kleur <em>Warm Taupe<\/em> met een diameter van 22 cm is een elegante plantenpot met een subtiel geribbeld patroon dat doet denken aan natuurlijke rotsstructuren. De warme taupekleur brengt rust en balans in elk interieur en vormt een prachtig contrast met groene bladplanten.<\/p>\n<p>Deze pot is gemaakt van lichtgewicht, gerecycled kunststof en is 100% klimaatneutraal geproduceerd in Nederland. Dankzij de isolerende werking van het materiaal is hij geschikt voor zowel binnen als buiten. Perfect voor planten met potmaat 19\u201321 cm, zoals een Monstera, Ficus of Areca palm \u2014 ideaal voor een botanisch statement met een aardse basis.<\/p>\n<p><strong>What\u2019s inside:<\/strong> <\/p>\n<ul>\n<li>Capi Nature Groove pot \u2013 kleur Warm Taupe, \u00d822 cm<\/li>\n<li>Gemaakt van gerecycled kunststof<\/li>\n<li>Lichtgewicht, vorstbestendig en UV-bestendig<\/li>\n<li>Geschikt voor binnen \u00e9n buiten<\/li>\n<li>Geribbeld design ge\u00efnspireerd op natuurlijke structuren<\/li>\n<li>100% klimaatneutraal geproduceerd<\/li>\n<\/ul>","protected":false},"excerpt":{"rendered":"<p>Natuurlijk, stijlvol en duurzaam. De Capi Nature Groove in de kleur Warm Taupe met een diameter van 22 cm is een elegante plantenpot met een subtiel geribbeld patroon dat doet denken aan natuurlijke rotsstructuren. De warme taupekleur brengt rust en balans in elk interieur en vormt een prachtig contrast met groene bladplanten. Deze pot is [&hellip;]<\/p>\n","protected":false},"featured_media":1731,"comment_status":"open","ping_status":"closed","template":"","meta":[],"product_brand":[],"product_cat":[81],"product_tag":[1208,1209,1210,1201,1211,1202,1204,1205,1207,1216,1219,1214,1215,1217,1218,1203,1213,1212,1206,944],"class_list":{"0":"post-2953","1":"product","2":"type-product","3":"status-publish","4":"has-post-thumbnail","6":"product_cat-alle-potten","7":"product_tag-capi-gerecycled-kunststof","8":"product_tag-capi-klimaatneutraal","9":"product_tag-capi-lightweight-pot","10":"product_tag-capi-nature-groove","11":"product_tag-capi-nature-groove-design","12":"product_tag-capi-nature-groove-warm-taupe","13":"product_tag-capi-nature-pot","14":"product_tag-capi-plantenpot-taupe","15":"product_tag-capi-pot-binnen-en-buiten","16":"product_tag-capi-pot-groove-serie","17":"product_tag-capi-pot-lichtgewicht","18":"product_tag-capi-pot-modern","19":"product_tag-capi-pot-natuurlook","20":"product_tag-capi-pot-uvbestendig","21":"product_tag-capi-pot-vorstbestendig","22":"product_tag-capi-warm-taupe-pot","23":"product_tag-duurzame-plantenpot-taupe","24":"product_tag-geribbelde-plantenpot-taupe","25":"product_tag-taupe-bloempot","26":"product_tag-taupe-plantenpot","27":"pa_potmaat-22-cm","29":"first","30":"instock","31":"taxable","32":"shipping-taxable","33":"purchasable","34":"product-type-simple"},"yoast_head":"<!-- This site is optimized with the Yoast SEO plugin v27.3 - https:\/\/yoast.com\/product\/yoast-seo-wordpress\/ -->\n<title>Floraholic | Capi Nature Groove Warm Taupe \u00d822 cm<\/title>\n<meta name=\"description\" content=\"Ontdek de Capi Nature Groove Warm Taupe \u00d822 cm. Lichtgewicht, vorstbestendig en klimaatneutraal geproduceerd. Perfect voor binnen \u00e9n buiten. Shop duurzaam bij Floraholic.\" \/>\n<meta name=\"robots\" content=\"index, follow, max-snippet:-1, max-image-preview:large, max-video-preview:-1\" \/>\n<link rel=\"canonical\" href=\"https:\/\/floraholic.nl\/en\/product\/capi-pot-nature-groove-warm-taupe-d22cm\/\" \/>\n<meta property=\"og:locale\" content=\"en_GB\" \/>\n<meta property=\"og:type\" content=\"article\" \/>\n<meta property=\"og:title\" content=\"Floraholic | Capi Nature Groove Warm Taupe \u00d822 cm\" \/>\n<meta property=\"og:description\" content=\"Ontdek de Capi Nature Groove Warm Taupe \u00d822 cm. Lichtgewicht, vorstbestendig en klimaatneutraal geproduceerd. Perfect voor binnen \u00e9n buiten. Shop duurzaam bij Floraholic.\" \/>\n<meta property=\"og:url\" content=\"https:\/\/floraholic.nl\/en\/product\/capi-pot-nature-groove-warm-taupe-d22cm\/\" \/>\n<meta property=\"og:site_name\" content=\"Floraholic\" \/>\n<meta property=\"article:publisher\" content=\"https:\/\/www.instagram.com\/floraholiclife\/\" \/>\n<meta property=\"article:modified_time\" content=\"2026-04-11T12:19:52+00:00\" \/>\n<meta property=\"og:image\" content=\"https:\/\/floraholic.nl\/wp-content\/uploads\/2025\/09\/50004-witte-achtergrond.png\" \/>\n\t<meta property=\"og:image:width\" content=\"1080\" \/>\n\t<meta property=\"og:image:height\" content=\"1080\" \/>\n\t<meta property=\"og:image:type\" content=\"image\/png\" \/>\n<meta name=\"twitter:card\" content=\"summary_large_image\" \/>\n<meta name=\"twitter:label1\" content=\"Estimated reading time\" \/>\n\t<meta name=\"twitter:data1\" content=\"1 minute\" \/>\n<script type=\"application\/ld+json\" class=\"yoast-schema-graph\">{\"@context\":\"https:\\\/\\\/schema.org\",\"@graph\":[{\"@type\":\"WebPage\",\"@id\":\"https:\\\/\\\/floraholic.nl\\\/product\\\/capi-pot-nature-groove-warm-taupe-d22cm\\\/\",\"url\":\"https:\\\/\\\/floraholic.nl\\\/product\\\/capi-pot-nature-groove-warm-taupe-d22cm\\\/\",\"name\":\"Floraholic | Capi Nature Groove Warm Taupe \u00d822 cm\",\"isPartOf\":{\"@id\":\"https:\\\/\\\/floraholic.nl\\\/#website\"},\"primaryImageOfPage\":{\"@id\":\"https:\\\/\\\/floraholic.nl\\\/product\\\/capi-pot-nature-groove-warm-taupe-d22cm\\\/#primaryimage\"},\"image\":{\"@id\":\"https:\\\/\\\/floraholic.nl\\\/product\\\/capi-pot-nature-groove-warm-taupe-d22cm\\\/#primaryimage\"},\"thumbnailUrl\":\"https:\\\/\\\/i0.wp.com\\\/floraholic.nl\\\/wp-content\\\/uploads\\\/2025\\\/09\\\/50004-witte-achtergrond.png?fit=1080%2C1080&ssl=1\",\"datePublished\":\"2025-12-07T15:05:38+00:00\",\"dateModified\":\"2026-04-11T12:19:52+00:00\",\"description\":\"Ontdek de Capi Nature Groove Warm Taupe \u00d822 cm. Lichtgewicht, vorstbestendig en klimaatneutraal geproduceerd. Perfect voor binnen \u00e9n buiten. Shop duurzaam bij Floraholic.\",\"breadcrumb\":{\"@id\":\"https:\\\/\\\/floraholic.nl\\\/product\\\/capi-pot-nature-groove-warm-taupe-d22cm\\\/#breadcrumb\"},\"inLanguage\":\"en-GB\",\"potentialAction\":[{\"@type\":\"ReadAction\",\"target\":[\"https:\\\/\\\/floraholic.nl\\\/product\\\/capi-pot-nature-groove-warm-taupe-d22cm\\\/\"]}]},{\"@type\":\"ImageObject\",\"inLanguage\":\"en-GB\",\"@id\":\"https:\\\/\\\/floraholic.nl\\\/product\\\/capi-pot-nature-groove-warm-taupe-d22cm\\\/#primaryimage\",\"url\":\"https:\\\/\\\/i0.wp.com\\\/floraholic.nl\\\/wp-content\\\/uploads\\\/2025\\\/09\\\/50004-witte-achtergrond.png?fit=1080%2C1080&ssl=1\",\"contentUrl\":\"https:\\\/\\\/i0.wp.com\\\/floraholic.nl\\\/wp-content\\\/uploads\\\/2025\\\/09\\\/50004-witte-achtergrond.png?fit=1080%2C1080&ssl=1\",\"width\":1080,\"height\":1080,\"caption\":\"Een aardse basis voor jouw plant: duurzaam, stijlvol en natuurlijk\"},{\"@type\":\"BreadcrumbList\",\"@id\":\"https:\\\/\\\/floraholic.nl\\\/product\\\/capi-pot-nature-groove-warm-taupe-d22cm\\\/#breadcrumb\",\"itemListElement\":[{\"@type\":\"ListItem\",\"position\":1,\"name\":\"Home\",\"item\":\"https:\\\/\\\/floraholic.nl\\\/\"},{\"@type\":\"ListItem\",\"position\":2,\"name\":\"Shop\",\"item\":\"https:\\\/\\\/floraholic.nl\\\/winkel\\\/\"},{\"@type\":\"ListItem\",\"position\":3,\"name\":\"Capi Pot Nature Groove Warm Taupe\"}]},{\"@type\":\"WebSite\",\"@id\":\"https:\\\/\\\/floraholic.nl\\\/#website\",\"url\":\"https:\\\/\\\/floraholic.nl\\\/\",\"name\":\"www.floraholic.nl\",\"description\":\"Stijlvol groen voor elke ruimte\",\"publisher\":{\"@id\":\"https:\\\/\\\/floraholic.nl\\\/#organization\"},\"potentialAction\":[{\"@type\":\"SearchAction\",\"target\":{\"@type\":\"EntryPoint\",\"urlTemplate\":\"https:\\\/\\\/floraholic.nl\\\/?s={search_term_string}\"},\"query-input\":{\"@type\":\"PropertyValueSpecification\",\"valueRequired\":true,\"valueName\":\"search_term_string\"}}],\"inLanguage\":\"en-GB\"},{\"@type\":\"Organization\",\"@id\":\"https:\\\/\\\/floraholic.nl\\\/#organization\",\"name\":\"www.floraholic.nl\",\"url\":\"https:\\\/\\\/floraholic.nl\\\/\",\"logo\":{\"@type\":\"ImageObject\",\"inLanguage\":\"en-GB\",\"@id\":\"https:\\\/\\\/floraholic.nl\\\/#\\\/schema\\\/logo\\\/image\\\/\",\"url\":\"https:\\\/\\\/i0.wp.com\\\/floraholic.nl\\\/wp-content\\\/uploads\\\/2025\\\/07\\\/Logo-alleen.png?fit=1024%2C220&ssl=1\",\"contentUrl\":\"https:\\\/\\\/i0.wp.com\\\/floraholic.nl\\\/wp-content\\\/uploads\\\/2025\\\/07\\\/Logo-alleen.png?fit=1024%2C220&ssl=1\",\"width\":1024,\"height\":220,\"caption\":\"www.floraholic.nl\"},\"image\":{\"@id\":\"https:\\\/\\\/floraholic.nl\\\/#\\\/schema\\\/logo\\\/image\\\/\"},\"sameAs\":[\"https:\\\/\\\/www.instagram.com\\\/floraholiclife\\\/\",\"https:\\\/\\\/nl.pinterest.com\\\/floraholiclife\\\/\",\"https:\\\/\\\/www.tiktok.com\\\/@floraholiclife\"]}]}<\/script>\n<!-- \/ Yoast SEO plugin. -->","yoast_head_json":{"title":"Floraholic | Capi Nature Groove Warm Taupe \u00d822 cm","description":"Ontdek de Capi Nature Groove Warm Taupe \u00d822 cm. Lichtgewicht, vorstbestendig en klimaatneutraal geproduceerd. Perfect voor binnen \u00e9n buiten. Shop duurzaam bij Floraholic.","robots":{"index":"index","follow":"follow","max-snippet":"max-snippet:-1","max-image-preview":"max-image-preview:large","max-video-preview":"max-video-preview:-1"},"canonical":"https:\/\/floraholic.nl\/en\/product\/capi-pot-nature-groove-warm-taupe-d22cm\/","og_locale":"en_GB","og_type":"article","og_title":"Floraholic | Capi Nature Groove Warm Taupe \u00d822 cm","og_description":"Ontdek de Capi Nature Groove Warm Taupe \u00d822 cm. Lichtgewicht, vorstbestendig en klimaatneutraal geproduceerd. Perfect voor binnen \u00e9n buiten. Shop duurzaam bij Floraholic.","og_url":"https:\/\/floraholic.nl\/en\/product\/capi-pot-nature-groove-warm-taupe-d22cm\/","og_site_name":"Floraholic","article_publisher":"https:\/\/www.instagram.com\/floraholiclife\/","article_modified_time":"2026-04-11T12:19:52+00:00","og_image":[{"width":1080,"height":1080,"url":"https:\/\/floraholic.nl\/wp-content\/uploads\/2025\/09\/50004-witte-achtergrond.png","type":"image\/png"}],"twitter_card":"summary_large_image","twitter_misc":{"Estimated reading time":"1 minute"},"schema":{"@context":"https:\/\/schema.org","@graph":[{"@type":"WebPage","@id":"https:\/\/floraholic.nl\/product\/capi-pot-nature-groove-warm-taupe-d22cm\/","url":"https:\/\/floraholic.nl\/product\/capi-pot-nature-groove-warm-taupe-d22cm\/","name":"Floraholic | Capi Nature Groove Warm Taupe \u00d822 cm","isPartOf":{"@id":"https:\/\/floraholic.nl\/#website"},"primaryImageOfPage":{"@id":"https:\/\/floraholic.nl\/product\/capi-pot-nature-groove-warm-taupe-d22cm\/#primaryimage"},"image":{"@id":"https:\/\/floraholic.nl\/product\/capi-pot-nature-groove-warm-taupe-d22cm\/#primaryimage"},"thumbnailUrl":"https:\/\/i0.wp.com\/floraholic.nl\/wp-content\/uploads\/2025\/09\/50004-witte-achtergrond.png?fit=1080%2C1080&ssl=1","datePublished":"2025-12-07T15:05:38+00:00","dateModified":"2026-04-11T12:19:52+00:00","description":"Ontdek de Capi Nature Groove Warm Taupe \u00d822 cm. Lichtgewicht, vorstbestendig en klimaatneutraal geproduceerd. Perfect voor binnen \u00e9n buiten. Shop duurzaam bij Floraholic.","breadcrumb":{"@id":"https:\/\/floraholic.nl\/product\/capi-pot-nature-groove-warm-taupe-d22cm\/#breadcrumb"},"inLanguage":"en-GB","potentialAction":[{"@type":"ReadAction","target":["https:\/\/floraholic.nl\/product\/capi-pot-nature-groove-warm-taupe-d22cm\/"]}]},{"@type":"ImageObject","inLanguage":"en-GB","@id":"https:\/\/floraholic.nl\/product\/capi-pot-nature-groove-warm-taupe-d22cm\/#primaryimage","url":"https:\/\/i0.wp.com\/floraholic.nl\/wp-content\/uploads\/2025\/09\/50004-witte-achtergrond.png?fit=1080%2C1080&ssl=1","contentUrl":"https:\/\/i0.wp.com\/floraholic.nl\/wp-content\/uploads\/2025\/09\/50004-witte-achtergrond.png?fit=1080%2C1080&ssl=1","width":1080,"height":1080,"caption":"Een aardse basis voor jouw plant: duurzaam, stijlvol en natuurlijk"},{"@type":"BreadcrumbList","@id":"https:\/\/floraholic.nl\/product\/capi-pot-nature-groove-warm-taupe-d22cm\/#breadcrumb","itemListElement":[{"@type":"ListItem","position":1,"name":"Home","item":"https:\/\/floraholic.nl\/"},{"@type":"ListItem","position":2,"name":"Shop","item":"https:\/\/floraholic.nl\/winkel\/"},{"@type":"ListItem","position":3,"name":"Capi Pot Nature Groove Warm Taupe"}]},{"@type":"WebSite","@id":"https:\/\/floraholic.nl\/#website","url":"https:\/\/floraholic.nl\/","name":"www.floraholic.nl","description":"Stylish greenery for every room","publisher":{"@id":"https:\/\/floraholic.nl\/#organization"},"potentialAction":[{"@type":"SearchAction","target":{"@type":"EntryPoint","urlTemplate":"https:\/\/floraholic.nl\/?s={search_term_string}"},"query-input":{"@type":"PropertyValueSpecification","valueRequired":true,"valueName":"search_term_string"}}],"inLanguage":"en-GB"},{"@type":"Organization","@id":"https:\/\/floraholic.nl\/#organization","name":"www.floraholic.nl","url":"https:\/\/floraholic.nl\/","logo":{"@type":"ImageObject","inLanguage":"en-GB","@id":"https:\/\/floraholic.nl\/#\/schema\/logo\/image\/","url":"https:\/\/i0.wp.com\/floraholic.nl\/wp-content\/uploads\/2025\/07\/Logo-alleen.png?fit=1024%2C220&ssl=1","contentUrl":"https:\/\/i0.wp.com\/floraholic.nl\/wp-content\/uploads\/2025\/07\/Logo-alleen.png?fit=1024%2C220&ssl=1","width":1024,"height":220,"caption":"www.floraholic.nl"},"image":{"@id":"https:\/\/floraholic.nl\/#\/schema\/logo\/image\/"},"sameAs":["https:\/\/www.instagram.com\/floraholiclife\/","https:\/\/nl.pinterest.com\/floraholiclife\/","https:\/\/www.tiktok.com\/@floraholiclife"]}]}},"jetpack_sharing_enabled":true,"_links":{"self":[{"href":"https:\/\/floraholic.nl\/en\/wp-json\/wp\/v2\/product\/2953","targetHints":{"allow":["GET"]}}],"collection":[{"href":"https:\/\/floraholic.nl\/en\/wp-json\/wp\/v2\/product"}],"about":[{"href":"https:\/\/floraholic.nl\/en\/wp-json\/wp\/v2\/types\/product"}],"replies":[{"embeddable":true,"href":"https:\/\/floraholic.nl\/en\/wp-json\/wp\/v2\/comments?post=2953"}],"wp:featuredmedia":[{"embeddable":true,"href":"https:\/\/floraholic.nl\/en\/wp-json\/wp\/v2\/media\/1731"}],"wp:attachment":[{"href":"https:\/\/floraholic.nl\/en\/wp-json\/wp\/v2\/media?parent=2953"}],"wp:term":[{"taxonomy":"product_brand","embeddable":true,"href":"https:\/\/floraholic.nl\/en\/wp-json\/wp\/v2\/product_brand?post=2953"},{"taxonomy":"product_cat","embeddable":true,"href":"https:\/\/floraholic.nl\/en\/wp-json\/wp\/v2\/product_cat?post=2953"},{"taxonomy":"product_tag","embeddable":true,"href":"https:\/\/floraholic.nl\/en\/wp-json\/wp\/v2\/product_tag?post=2953"}],"curies":[{"name":"wp","href":"https:\/\/api.w.org\/{rel}","templated":true}]}}